{"id":1845,"date":"2025-01-25T17:46:27","date_gmt":"2025-01-25T17:46:27","guid":{"rendered":"https:\/\/izvorska.mk\/?page_id=1845"},"modified":"2025-01-25T17:54:36","modified_gmt":"2025-01-25T17:54:36","slug":"politika-za-privatnost-i-koristenje-kolachinja","status":"publish","type":"page","link":"https:\/\/izvorska.mk\/sq\/politika-za-privatnost-i-koristenje-kolachinja\/","title":{"rendered":"Politika e privat\u00ebsis\u00eb dhe e kukive"},"content":{"rendered":"<div data-elementor-type=\"wp-page\" data-elementor-id=\"1845\" class=\"elementor elementor-1845\" data-elementor-post-type=\"page\">\n\t\t\t\t<div class=\"elementor-element elementor-element-bae5e95 e-flex e-con-boxed e-con e-parent\" data-id=\"bae5e95\" data-element_type=\"container\" data-settings=\"{&quot;background_background&quot;:&quot;classic&quot;}\">\n\t\t\t\t\t<div class=\"e-con-inner\">\n\t\t<div class=\"elementor-element elementor-element-b016463 e-flex e-con-boxed e-con e-child\" data-id=\"b016463\" data-element_type=\"container\">\n\t\t\t\t\t<div class=\"e-con-inner\">\n\t\t\t\t<div class=\"elementor-element elementor-element-71ed986 elementor-widget elementor-widget-heading\" data-id=\"71ed986\" data-element_type=\"widget\" data-widget_type=\"heading.default\">\n\t\t\t\t<div class=\"elementor-widget-container\">\n\t\t\t<style>\/*! elementor - v3.21.0 - 26-05-2024 *\/\n.elementor-heading-title{padding:0;margin:0;line-height:1}.elementor-widget-heading .elementor-heading-title[class*=elementor-size-]>a{color:inherit;font-size:inherit;line-height:inherit}.elementor-widget-heading .elementor-heading-title.elementor-size-small{font-size:15px}.elementor-widget-heading .elementor-heading-title.elementor-size-medium{font-size:19px}.elementor-widget-heading .elementor-heading-title.elementor-size-large{font-size:29px}.elementor-widget-heading .elementor-heading-title.elementor-size-xl{font-size:39px}.elementor-widget-heading .elementor-heading-title.elementor-size-xxl{font-size:59px}<\/style><h1 class=\"elementor-heading-title elementor-size-default\">POLITIKA E PRIVAT\u00cbSIS\u00cb<\/h1>\t\t<\/div>\n\t\t\t\t<\/div>\n\t\t\t\t<div class=\"elementor-element elementor-element-9ab6e6b elementor-widget elementor-widget-text-editor\" data-id=\"9ab6e6b\" data-element_type=\"widget\" data-widget_type=\"text-editor.default\">\n\t\t\t\t<div class=\"elementor-widget-container\">\n\t\t\t<style>\/*! elementor - v3.21.0 - 26-05-2024 *\/\n.elementor-widget-text-editor.elementor-drop-cap-view-stacked .elementor-drop-cap{background-color:#69727d;color:#fff}.elementor-widget-text-editor.elementor-drop-cap-view-framed .elementor-drop-cap{color:#69727d;border:3px solid;background-color:transparent}.elementor-widget-text-editor:not(.elementor-drop-cap-view-default) .elementor-drop-cap{margin-top:8px}.elementor-widget-text-editor:not(.elementor-drop-cap-view-default) .elementor-drop-cap-letter{width:1em;height:1em}.elementor-widget-text-editor .elementor-drop-cap{float:left;text-align:center;line-height:1;font-size:50px}.elementor-widget-text-editor .elementor-drop-cap-letter{display:inline-block}<\/style>\t\t\t\t<p>Kjo Politik\u00eb e Privat\u00ebsis\u00eb ofron informacione t\u00eb p\u00ebrgjithshme p\u00ebr p\u00ebrpunimin e t\u00eb dh\u00ebnave personale gjat\u00eb vizit\u00ebs n\u00eb faqen e internetit t\u00eb Kontrolluesit. Kontrolluesi mbledh vet\u00ebm t\u00eb dh\u00ebnat personale q\u00eb jan\u00eb t\u00eb nevojshme p\u00ebr t\u00eb realizuar t\u00eb drejtat dhe detyrimet e tij.<\/p>\n<p class=\" translation-block\">1. Kontrolluesi i t\u00eb Dh\u00ebnave Personale<br>Kontrolluesi i t\u00eb dh\u00ebnave personale \u00ebsht\u00eb DPTU KOZUVCANKA Kavadarci, me seli n\u00eb rr. Shishka nr.37 Kavadarci, me num\u00ebr tatimor MK4011995103008. Kontrolluesi \u00ebsht\u00eb nj\u00eb shoq\u00ebri e themeluar sipas dispozitave t\u00eb Ligjit p\u00ebr Shoq\u00ebrit\u00eb Tregtare dhe \u00ebsht\u00eb regjistruar n\u00eb Regjistrin Qendror t\u00eb Republik\u00ebs s\u00eb Maqedonis\u00eb. T\u00eb dh\u00ebnat personale p\u00ebrpunohen n\u00eb p\u00ebrputhje me Ligjin p\u00ebr Mbrojtjen e t\u00eb Dh\u00ebnave Personale, aktet n\u00ebnligjore t\u00eb Agjencis\u00eb p\u00ebr Mbrojtjen e t\u00eb Dh\u00ebnave Personale dhe aktet p\u00ebr masa teknike dhe organizative p\u00ebr p\u00ebrpunimin e t\u00eb dh\u00ebnave personale t\u00eb Kontrolluesit.<br>\n\n2. P\u00ebrdoruesit dhe Kategorit\u00eb e P\u00ebrdoruesve t\u00eb t\u00eb Dh\u00ebnave Personale<br>Kontrolluesi mbledh t\u00eb dh\u00ebna p\u00ebr k\u00ebto kategori personash:<br>* Vizitor\u00eb t\u00eb faqes s\u00eb internetit www.kozuvcanka.com.mk\n. Zakonisht, Kontrolluesi mbledh t\u00eb dh\u00ebna t\u00eb navigimit q\u00eb p\u00ebrdoren p\u00ebr analiz\u00ebn e vizitave n\u00eb faqe dhe p\u00ebr ruajtjen e siguris\u00eb s\u00eb informacionit. P\u00ebr m\u00eb shum\u00eb rreth p\u00ebrdorimit t\u00eb cookies, lexoni Politik\u00ebn p\u00ebr p\u00ebrdorimin e cookies t\u00eb Kontrolluesit.<br>* Persona q\u00eb paraqesin njoftime dhe k\u00ebrkesa te Kontrolluesi, sipas bazave t\u00eb p\u00ebrcaktuara n\u00eb legjislacionin p\u00ebrkat\u00ebs p\u00ebr mbrojtjen e t\u00eb dh\u00ebnave personale.<\/p>\n<p class=\" translation-block\">3. Kategorit\u00eb e t\u00eb Dh\u00ebnave q\u00eb P\u00ebrpunohen<br>3.1. T\u00eb Dh\u00ebnat e Navigimit<br>Gjat\u00eb vizit\u00ebs s\u00eb faqes s\u00eb internetit t\u00eb Kontrolluesit, krijohen regjistra me k\u00ebto t\u00eb dh\u00ebna p\u00ebr \u00e7do vizitor:<br>* Adresa IP;<br>* Pajisja nga e cila qaseni, tipi dhe modeli;<br>* Sistemi operativ;<br>* Lloji i shfletuesit, plugins dhe versioni;<br>* Faqet e vizituara dhe koha e kaluar n\u00eb secil\u00ebn faqe;<br>* URL-ja referuese dhe n\u00eb disa raste termat e k\u00ebrkimit;<br>* Gjuha e shfletuesit;<br>* Shteti (p\u00ebrcaktohet p\u00ebrmes adres\u00ebs IP).<br>Regjistrat e serverit fshihen automatikisht pas 15 dit\u00ebsh, p\u00ebrve\u00e7 n\u00ebse k\u00ebrkohet mbajtje m\u00eb e gjat\u00eb p\u00ebr arsye t\u00eb caktuara (p.sh., p\u00ebr hetimin e viruseve ose sulmeve keqdash\u00ebse). Kontrolluesi mir\u00ebmban vet\u00eb server\u00ebt e tij. T\u00eb gjitha aktivitetet n\u00eb faqen e internetit realizohen brenda ose jasht\u00eb kompanis\u00eb, p\u00ebrfshir\u00eb krijimin dhe analiz\u00ebn e regjistrave.<br>3.2. T\u00eb Dh\u00ebna t\u00eb Dor\u00ebzuara Vullnetarisht nga P\u00ebrdoruesit<br>T\u00eb dh\u00ebnat personale q\u00eb mblidhen nga vizita n\u00eb faqen e internetit t\u00eb Kontrolluesit jan\u00eb ato q\u00eb p\u00ebrdoruesit i dor\u00ebzojn\u00eb vullnetarisht p\u00ebr q\u00ebllime specifike p\u00ebr t\u00eb mund\u00ebsuar realizimin e t\u00eb drejtave dhe detyrimeve t\u00eb Kontrolluesit. Mund t\u00eb mbledhim nga k\u00ebto kategori t\u00eb dh\u00ebnash personale: (1) em\u00ebr dhe mbiem\u00ebr, (2) adres\u00eb, (3) telefon kontakti, (4) faks, (5) email.<br>4. Si i Mbledhim t\u00eb Dh\u00ebnat Personale<br>T\u00eb dh\u00ebnat mblidhen n\u00ebp\u00ebrmjet kanaleve t\u00eb ndryshme, duke p\u00ebrfshir\u00eb:<br>* P\u00ebrdorimin e faqes s\u00eb internetit, p\u00ebrfshir\u00eb formular\u00ebt e saj;<br>* Email-in e Kontrolluesit;<br>* Post\u00eb;<br>* Faks;<br>* Gojarisht<br>P\u00ebr k\u00ebrkesat gojore p\u00ebrgatitet nj\u00eb procesverbal q\u00eb n\u00ebnshkruhet nga personi q\u00eb e paraqet dhe punonj\u00ebsi p\u00ebrkat\u00ebs i Kontrolluesit, dhe arkivohet.<\/p>\n<p class=\" translation-block\">5. Kategorit\u00eb e P\u00ebrdoruesve t\u00eb t\u00eb Dh\u00ebnave Personale<br>P\u00ebrpunimi i t\u00eb dh\u00ebnave personale lidhur me sh\u00ebrbimet online n\u00eb faqen e internetit t\u00eb Kontrolluesit b\u00ebhet nga punonj\u00ebs t\u00eb ngarkuar p\u00ebr k\u00ebto sh\u00ebrbime ose persona t\u00eb autorizuar p\u00ebr kryerjen e aktiviteteve. Nuk ndajm\u00eb t\u00eb dh\u00ebna personale nga vizitat n\u00eb faqen e internetit me pal\u00eb t\u00eb treta, p\u00ebrve\u00e7 n\u00eb k\u00ebto raste:<br>* N\u00ebse p\u00ebrfshihen p\u00ebrpunues q\u00eb veprojn\u00eb sipas udh\u00ebzimeve t\u00eb Kontrolluesit dhe respektojn\u00eb legjislacionin p\u00ebr mbrojtjen e t\u00eb dh\u00ebnave;<br>* Me k\u00ebrkes\u00eb t\u00eb gjykat\u00ebs, policis\u00eb apo organeve t\u00eb tjera, kur ekziston baz\u00eb ligjore.<br>6. Koha e Ruajtjes s\u00eb t\u00eb Dh\u00ebnave<br>T\u00eb dh\u00ebnat mbahen sipas legjislacionit n\u00eb fuqi dhe p\u00ebr periudh\u00ebn e nevojshme p\u00ebr realizimin e q\u00ebllimit t\u00eb p\u00ebrpunimit, si\u00e7 p\u00ebrcaktohet n\u00eb planin e ruajtjes s\u00eb t\u00eb dh\u00ebnave t\u00eb Kontrolluesit.<br>7. T\u00eb Drejtat e Subjekteve t\u00eb t\u00eb Dh\u00ebnave<br>Subjektet kan\u00eb k\u00ebto t\u00eb drejta lidhur me t\u00eb dh\u00ebnat e tyre personale:<br>* E drejta p\u00ebr informim mbi p\u00ebrpunimin e t\u00eb dh\u00ebnave;<br>* E drejta p\u00ebr qasje n\u00eb t\u00eb dh\u00ebnat personale;<br>* E drejta p\u00ebr korrigjim dhe fshirje t\u00eb t\u00eb dh\u00ebnave;<br>* E drejta p\u00ebr kufizim t\u00eb p\u00ebrpunimit;<br>* E drejta p\u00ebr kund\u00ebrshtim<br>P\u00ebr m\u00eb shum\u00eb informacione ose p\u00ebr realizimin e t\u00eb drejtave tuaja, kontaktoni Zyrtarin p\u00ebr Mbrojtjen e t\u00eb Dh\u00ebnave Personale - Igor Micev n\u00eb email: pravo@kozuvcanka.com.mk\n ose n\u00eb telefon: 043\/420-975.<br>8. E drejta p\u00ebr Paraqitje K\u00ebrkese n\u00eb Agjencin\u00eb p\u00ebr Mbrojtjen e t\u00eb Dh\u00ebnave<br>N\u00ebse ekzistojn\u00eb dyshime q\u00eb p\u00ebrpunimi nga Kontrolluesi bie ndesh me ligjin p\u00ebr mbrojtjen e t\u00eb dh\u00ebnave personale, individ\u00ebt mund t\u00eb paraqesin k\u00ebrkes\u00eb te Agjencia p\u00ebr Mbrojtjen e t\u00eb Dh\u00ebnave Personale.<br>9. Ndryshimi i Politik\u00ebs s\u00eb Privat\u00ebsis\u00eb<br>Kjo Politik\u00eb e Privat\u00ebsis\u00eb do t\u00eb ndryshohet dhe p\u00ebrdit\u00ebsohet rregullisht n\u00eb p\u00ebrputhje me ndryshimet dhe aktivitetet e Kontrolluesit.<br><\/p>\n<p>10. Publikimi i Politik\u00ebs s\u00eb Privat\u00ebsis\u00eb<br>Kjo Politik\u00eb e Privat\u00ebsis\u00eb do t\u00eb publikohet n\u00eb faqen zyrtare t\u00eb internetit t\u00eb Kontrolluesit.<\/p>\t\t\t\t\t\t<\/div>\n\t\t\t\t<\/div>\n\t\t\t\t<div class=\"elementor-element elementor-element-e3e9521 elementor-widget-divider--view-line elementor-widget elementor-widget-divider\" data-id=\"e3e9521\" data-element_type=\"widget\" data-widget_type=\"divider.default\">\n\t\t\t\t<div class=\"elementor-widget-container\">\n\t\t\t<style>\/*! elementor - v3.21.0 - 26-05-2024 *\/\n.elementor-widget-divider{--divider-border-style:none;--divider-border-width:1px;--divider-color:#0c0d0e;--divider-icon-size:20px;--divider-element-spacing:10px;--divider-pattern-height:24px;--divider-pattern-size:20px;--divider-pattern-url:none;--divider-pattern-repeat:repeat-x}.elementor-widget-divider .elementor-divider{display:flex}.elementor-widget-divider .elementor-divider__text{font-size:15px;line-height:1;max-width:95%}.elementor-widget-divider .elementor-divider__element{margin:0 var(--divider-element-spacing);flex-shrink:0}.elementor-widget-divider .elementor-icon{font-size:var(--divider-icon-size)}.elementor-widget-divider .elementor-divider-separator{display:flex;margin:0;direction:ltr}.elementor-widget-divider--view-line_icon .elementor-divider-separator,.elementor-widget-divider--view-line_text .elementor-divider-separator{align-items:center}.elementor-widget-divider--view-line_icon .elementor-divider-separator:after,.elementor-widget-divider--view-line_icon .elementor-divider-separator:before,.elementor-widget-divider--view-line_text .elementor-divider-separator:after,.elementor-widget-divider--view-line_text .elementor-divider-separator:before{display:block;content:\"\";border-block-end:0;flex-grow:1;border-block-start:var(--divider-border-width) var(--divider-border-style) var(--divider-color)}.elementor-widget-divider--element-align-left .elementor-divider .elementor-divider-separator>.elementor-divider__svg:first-of-type{flex-grow:0;flex-shrink:100}.elementor-widget-divider--element-align-left .elementor-divider-separator:before{content:none}.elementor-widget-divider--element-align-left .elementor-divider__element{margin-left:0}.elementor-widget-divider--element-align-right .elementor-divider .elementor-divider-separator>.elementor-divider__svg:last-of-type{flex-grow:0;flex-shrink:100}.elementor-widget-divider--element-align-right .elementor-divider-separator:after{content:none}.elementor-widget-divider--element-align-right .elementor-divider__element{margin-right:0}.elementor-widget-divider--element-align-start .elementor-divider .elementor-divider-separator>.elementor-divider__svg:first-of-type{flex-grow:0;flex-shrink:100}.elementor-widget-divider--element-align-start .elementor-divider-separator:before{content:none}.elementor-widget-divider--element-align-start .elementor-divider__element{margin-inline-start:0}.elementor-widget-divider--element-align-end .elementor-divider .elementor-divider-separator>.elementor-divider__svg:last-of-type{flex-grow:0;flex-shrink:100}.elementor-widget-divider--element-align-end .elementor-divider-separator:after{content:none}.elementor-widget-divider--element-align-end .elementor-divider__element{margin-inline-end:0}.elementor-widget-divider:not(.elementor-widget-divider--view-line_text):not(.elementor-widget-divider--view-line_icon) .elementor-divider-separator{border-block-start:var(--divider-border-width) var(--divider-border-style) var(--divider-color)}.elementor-widget-divider--separator-type-pattern{--divider-border-style:none}.elementor-widget-divider--separator-type-pattern.elementor-widget-divider--view-line .elementor-divider-separator,.elementor-widget-divider--separator-type-pattern:not(.elementor-widget-divider--view-line) .elementor-divider-separator:after,.elementor-widget-divider--separator-type-pattern:not(.elementor-widget-divider--view-line) .elementor-divider-separator:before,.elementor-widget-divider--separator-type-pattern:not([class*=elementor-widget-divider--view]) .elementor-divider-separator{width:100%;min-height:var(--divider-pattern-height);-webkit-mask-size:var(--divider-pattern-size) 100%;mask-size:var(--divider-pattern-size) 100%;-webkit-mask-repeat:var(--divider-pattern-repeat);mask-repeat:var(--divider-pattern-repeat);background-color:var(--divider-color);-webkit-mask-image:var(--divider-pattern-url);mask-image:var(--divider-pattern-url)}.elementor-widget-divider--no-spacing{--divider-pattern-size:auto}.elementor-widget-divider--bg-round{--divider-pattern-repeat:round}.rtl .elementor-widget-divider .elementor-divider__text{direction:rtl}.e-con-inner>.elementor-widget-divider,.e-con>.elementor-widget-divider{width:var(--container-widget-width,100%);--flex-grow:var(--container-widget-flex-grow)}<\/style>\t\t<div class=\"elementor-divider\">\n\t\t\t<span class=\"elementor-divider-separator\">\n\t\t\t\t\t\t<\/span>\n\t\t<\/div>\n\t\t\t\t<\/div>\n\t\t\t\t<\/div>\n\t\t\t\t<div class=\"elementor-element elementor-element-feaa6f0 elementor-widget elementor-widget-heading\" data-id=\"feaa6f0\" data-element_type=\"widget\" data-widget_type=\"heading.default\">\n\t\t\t\t<div class=\"elementor-widget-container\">\n\t\t\t<h1 class=\"elementor-heading-title elementor-size-default\">POLITIKA E P\u00cbRDORIMIT T\u00cb COOKIE-VE<\/h1>\t\t<\/div>\n\t\t\t\t<\/div>\n\t\t\t\t<div class=\"elementor-element elementor-element-02b8a03 elementor-widget elementor-widget-text-editor\" data-id=\"02b8a03\" data-element_type=\"widget\" data-widget_type=\"text-editor.default\">\n\t\t\t\t<div class=\"elementor-widget-container\">\n\t\t\t\t\t\t\t<p class=\" translation-block\">1. \u00c7far\u00eb jan\u00eb cookie-t (cookies)?<br>Cookie-t (cookies) jan\u00eb skedar\u00eb t\u00eb vegj\u00ebl teksti, t\u00eb cil\u00ebt vendosen n\u00eb kompjuterin personal ose n\u00eb telefonin mobil nga faqet e internetit q\u00eb vizitohen. K\u00ebta skedar\u00eb teksti mund t\u00eb lexohen nga faqet e internetit q\u00eb i vizitoni dhe ndihmojn\u00eb n\u00eb identifikimin e personave kur ta hapni p\u00ebrs\u00ebri t\u00eb nj\u00ebjt\u00ebn faqe interneti. K\u00ebta skedar\u00eb mund t\u00eb jen\u00eb \u201ct\u00eb p\u00ebrhersh\u00ebm\u201d ose \u201ct\u00eb p\u00ebrkohsh\u00ebm\u201d. Cookie-t e p\u00ebrhershme q\u00ebndrojn\u00eb n\u00eb kompjuterin personal edhe kur shfletuesi fiket (kalon n\u00eb m\u00ebnyr\u00ebn offline), nd\u00ebrsa ato t\u00eb p\u00ebrkohshme fshihen sapo t\u00eb mbyllet shfletuesi. Cookie-t (cookies) p\u00ebrdoren p\u00ebr q\u00ebllime t\u00eb ndryshme, si p\u00ebr shembull p\u00ebr t\u00eb mbajtur mend aktivitetet dhe preferencat e p\u00ebrdoruesve (ky\u00e7jet, preferencat gjuh\u00ebsore, madh\u00ebsin\u00eb e shkronjave ose m\u00ebnyr\u00ebn e paraqitjes s\u00eb faqes), p\u00ebr t\u00eb ofruar p\u00ebrmbajtje t\u00eb personalizuar n\u00eb faqen e internetit dhe p\u00ebr t\u00eb treguar historikun e navigimit n\u00eb t\u00eb nj\u00ebjt\u00ebn faqe.<br>\n\n2. Pse p\u00ebrdoren cookie-t (cookies)?<br>N\u00eb faqen e internetit t\u00eb Shoq\u00ebris\u00eb p\u00ebrdoren cookie-t (cookies) p\u00ebr k\u00ebto arsye:<br>* p\u00ebr funksionimin teknik t\u00eb faqes s\u00eb internetit;<br>* p\u00ebr mbledhjen e t\u00eb dh\u00ebnave statistikore t\u00eb p\u00ebrmbledhura dhe anonime;<br>* p\u00ebr t\u00eb mbajtur mend preferencat e vizitor\u00ebve se si t\u00eb shfaqet faqja (preferencat p\u00ebr parametrat e ekranit), si p\u00ebr shembull kontrasti i ngjyrave ose madh\u00ebsia e shkronjave;<br>* p\u00ebr t\u00eb mbajtur mend\/n\u00eb kujtes\u00eb n\u00ebse pajtoheni (apo jo) me p\u00ebrdorimin e cookie-ve (cookies) n\u00eb k\u00ebt\u00eb faqe interneti.<br>Kur e vizitoni faqen e internetit t\u00eb Shoq\u00ebris\u00eb, mund t\u00eb mblidhen disa t\u00eb dh\u00ebna nga shfletimi i vizitorit, si p\u00ebr shembull adresa IP, cila p\u00ebrmbajtje nga faqja (n\u00ebnfaqe) \u00ebsht\u00eb vizituar, kur \u00ebsht\u00eb vizituar dhe nga cila faqe tjet\u00ebr \u00ebsht\u00eb referuar vizitori. Kur vizitohet faqja e Shoq\u00ebris\u00eb, p\u00ebrdoren sh\u00ebrbimet e pal\u00ebve t\u00eb treta si Google Analytics p\u00ebr t\u00eb mbledhur informacione standarde t\u00eb aksesit dhe detaje p\u00ebr sjelljen e vizitor\u00ebve, por n\u00eb nj\u00eb m\u00ebnyr\u00eb q\u00eb nuk lejon identifikimin e tyre dhe nuk i jep Google-it t\u00eb drejt\u00ebn p\u00ebr t\u00eb zbuluar identitetin e vizitor\u00ebve t\u00eb faqes son\u00eb.<br>\n\n3. \u00c7far\u00eb lloj cookie-sh (cookies) p\u00ebrdoren?<br>Shoq\u00ebria p\u00ebrdor cookie-t (cookies) t\u00eb p\u00ebrhershme, t\u00eb cilat e mbajn\u00eb mend shfletimin\/sesionin edhe kur p\u00ebrdoruesi e fik shfletuesin, me q\u00ebllim q\u00eb t\u00eb ruhet gjendja e p\u00ebrdoruesit.<br>\n\n4. A mund t\u00eb fshihen ose kontrollohen cookie-t (cookies)?<br>Informacionet e lidhura me cookie-t (cookies) nuk p\u00ebrdoren p\u00ebr identifikim personal. Pranimi i k\u00ebtyre cookie-ve (cookies) nuk \u00ebsht\u00eb i domosdosh\u00ebm p\u00ebr funksionimin e faqes s\u00eb internetit, por ato do t\u00eb mund\u00ebsonin nj\u00eb p\u00ebrvoj\u00eb m\u00eb t\u00eb mir\u00eb gjat\u00eb shfletimit. K\u00ebto cookie-t (cookies) mund t\u00eb fshihen ose t\u00eb bllokohen. T\u00eb gjitha cookie-t (cookies) q\u00eb ndodhen tashm\u00eb n\u00eb kompjuterin personal mund t\u00eb fshihen, dhe shumica e shfletuesve mund t\u00eb konfigurohen p\u00ebr t\u00eb parandaluar ruajtjen e tyre. N\u00ebse e b\u00ebni k\u00ebt\u00eb, mund t\u00eb jet\u00eb e nevojshme t\u00eb rregulloni manualisht preferencat sa her\u00eb q\u00eb vizitoni faqen e internetit, dhe gjithashtu \u00ebsht\u00eb e mundur q\u00eb disa sh\u00ebrbime ose funksionalitete t\u00eb mos funksionojn\u00eb.<br>\n\n5. Ndryshimi i politik\u00ebs p\u00ebr cookie-t<br>Politika p\u00ebr p\u00ebrdorimin e cookie-ve do t\u00eb ndryshohet dhe plot\u00ebsohet rregullisht n\u00eb p\u00ebrputhje me ndryshimet dhe aktivitetet e Shoq\u00ebris\u00eb.<br>\n\n6. Publikimi i politik\u00ebs p\u00ebr cookie-t<br>Kjo Politik\u00eb p\u00ebr p\u00ebrdorimin e cookie-ve do t\u00eb publikohet n\u00eb faqen zyrtare t\u00eb internetit t\u00eb Shoq\u00ebris\u00eb.<\/p>\t\t\t\t\t\t<\/div>\n\t\t\t\t<\/div>\n\t\t\t\t\t<\/div>\n\t\t\t\t<\/div>\n\t\t\t\t\t<\/div>\n\t\t\t\t<\/div>\n\t\t\t\t<\/div>","protected":false},"excerpt":{"rendered":"<p>\u041f\u041e\u041b\u0418\u0422\u0418\u041a\u0410 \u0417\u0410 \u041f\u0420\u0418\u0412\u0410\u0422\u041d\u041e\u0421\u0422 \u041e\u0432\u0430\u0430 \u041f\u043e\u043b\u0438\u0442\u0438\u043a\u0430 \u043d\u0430 \u043f\u0440\u0438\u0432\u0430\u0442\u043d\u043e\u0441\u0442 \u0434\u0430\u0432\u0430 \u043e\u043f\u0448\u0442\u0438 \u0438\u043d\u0444\u043e\u0440\u043c\u0430\u0446\u0438\u0438 \u0437\u0430 \u043e\u0431\u0440\u0430\u0431\u043e\u0442\u043a\u0430\u0442\u0430 \u043d\u0430 \u043b\u0438\u0447\u043d\u0438 \u043f\u043e\u0434\u0430\u0442\u043e\u0446\u0438 \u043a\u043e\u0433\u0430 \u0458\u0430 \u043f\u043e\u0441\u0435\u0442\u0443\u0432\u0430\u0442\u0435 \u0438\u043d\u0442\u0435\u0440\u043d\u0435\u0442 \u0441\u0442\u0440\u0430\u043d\u0430\u0442\u0430 [&hellip;]<\/p>","protected":false},"author":1,"featured_media":93,"parent":0,"menu_order":0,"comment_status":"closed","ping_status":"closed","template":"elementor_header_footer","meta":{"site-sidebar-layout":"default","site-content-layout":"","ast-site-content-layout":"","site-content-style":"default","site-sidebar-style":"default","ast-global-header-display":"","ast-banner-title-visibility":"","ast-main-header-display":"","ast-hfb-above-header-display":"","ast-hfb-below-header-display":"","ast-hfb-mobile-header-display":"","site-post-title":"","ast-breadcrumbs-content":"","ast-featured-img":"","footer-sml-layout":"","theme-transparent-header-meta":"","adv-header-id-meta":"","stick-header-meta":"","header-above-stick-meta":"","header-main-stick-meta":"","header-below-stick-meta":"","astra-migrate-meta-layouts":"default","ast-page-background-enabled":"default","ast-page-background-meta":{"desktop":{"background-color":"var(--ast-global-color-4)","background-image":"","background-repeat":"repeat","background-position":"center center","background-size":"auto","background-attachment":"scroll","background-type":"","background-media":"","overlay-type":"","overlay-color":"","overlay-opacity":"","overlay-gradient":""},"tablet":{"background-color":"","background-image":"","background-repeat":"repeat","background-position":"center center","background-size":"auto","background-attachment":"scroll","background-type":"","background-media":"","overlay-type":"","overlay-color":"","overlay-opacity":"","overlay-gradient":""},"mobile":{"background-color":"","background-image":"","background-repeat":"repeat","background-position":"center center","background-size":"auto","background-attachment":"scroll","background-type":"","background-media":"","overlay-type":"","overlay-color":"","overlay-opacity":"","overlay-gradient":""}},"ast-content-background-meta":{"desktop":{"background-color":"var(--ast-global-color-5)","background-image":"","background-repeat":"repeat","background-position":"center center","background-size":"auto","background-attachment":"scroll","background-type":"","background-media":"","overlay-type":"","overlay-color":"","overlay-opacity":"","overlay-gradient":""},"tablet":{"background-color":"var(--ast-global-color-5)","background-image":"","background-repeat":"repeat","background-position":"center center","background-size":"auto","background-attachment":"scroll","background-type":"","background-media":"","overlay-type":"","overlay-color":"","overlay-opacity":"","overlay-gradient":""},"mobile":{"background-color":"var(--ast-global-color-5)","background-image":"","background-repeat":"repeat","background-position":"center center","background-size":"auto","background-attachment":"scroll","background-type":"","background-media":"","overlay-type":"","overlay-color":"","overlay-opacity":"","overlay-gradient":""}},"footnotes":""},"class_list":["post-1845","page","type-page","status-publish","has-post-thumbnail","hentry"],"_links":{"self":[{"href":"https:\/\/izvorska.mk\/sq\/wp-json\/wp\/v2\/pages\/1845","targetHints":{"allow":["GET"]}}],"collection":[{"href":"https:\/\/izvorska.mk\/sq\/wp-json\/wp\/v2\/pages"}],"about":[{"href":"https:\/\/izvorska.mk\/sq\/wp-json\/wp\/v2\/types\/page"}],"author":[{"embeddable":true,"href":"https:\/\/izvorska.mk\/sq\/wp-json\/wp\/v2\/users\/1"}],"replies":[{"embeddable":true,"href":"https:\/\/izvorska.mk\/sq\/wp-json\/wp\/v2\/comments?post=1845"}],"version-history":[{"count":7,"href":"https:\/\/izvorska.mk\/sq\/wp-json\/wp\/v2\/pages\/1845\/revisions"}],"predecessor-version":[{"id":1855,"href":"https:\/\/izvorska.mk\/sq\/wp-json\/wp\/v2\/pages\/1845\/revisions\/1855"}],"wp:featuredmedia":[{"embeddable":true,"href":"https:\/\/izvorska.mk\/sq\/wp-json\/wp\/v2\/media\/93"}],"wp:attachment":[{"href":"https:\/\/izvorska.mk\/sq\/wp-json\/wp\/v2\/media?parent=1845"}],"curies":[{"name":"wp","href":"https:\/\/api.w.org\/{rel}","templated":true}]}}