{"id":1539,"date":"2024-10-14T00:05:29","date_gmt":"2024-10-14T00:05:29","guid":{"rendered":"https:\/\/izvorska.mk\/?page_id=1539"},"modified":"2024-10-14T00:15:10","modified_gmt":"2024-10-14T00:15:10","slug":"izvorska-junior-najdobroto-za-najmladite","status":"publish","type":"page","link":"https:\/\/izvorska.mk\/sq\/izvorska-junior-najdobroto-za-najmladite\/","title":{"rendered":"\u0418\u0417\u0412\u041e\u0420\u0421\u041a\u0410 \u0408\u0423\u041d\u0418\u041e\u0420 \u041d\u0410\u0408\u0414\u041e\u0411\u0420\u041e\u0422\u041e \u0417\u0410 \u041d\u0410\u0408\u041c\u0410\u041b\u0418\u0422\u0415!"},"content":{"rendered":"<div data-elementor-type=\"wp-page\" data-elementor-id=\"1539\" class=\"elementor elementor-1539\" data-elementor-post-type=\"page\">\n\t\t\t\t<div class=\"elementor-element elementor-element-64d7760 e-flex e-con-boxed e-con e-parent\" data-id=\"64d7760\" data-element_type=\"container\" data-settings=\"{&quot;background_background&quot;:&quot;classic&quot;}\">\n\t\t\t\t\t<div class=\"e-con-inner\">\n\t\t\t\t<div class=\"elementor-element elementor-element-822be23 elementor-widget elementor-widget-heading\" data-id=\"822be23\" data-element_type=\"widget\" data-widget_type=\"heading.default\">\n\t\t\t\t<div class=\"elementor-widget-container\">\n\t\t\t<style>\/*! elementor - v3.21.0 - 26-05-2024 *\/\n.elementor-heading-title{padding:0;margin:0;line-height:1}.elementor-widget-heading .elementor-heading-title[class*=elementor-size-]>a{color:inherit;font-size:inherit;line-height:inherit}.elementor-widget-heading .elementor-heading-title.elementor-size-small{font-size:15px}.elementor-widget-heading .elementor-heading-title.elementor-size-medium{font-size:19px}.elementor-widget-heading .elementor-heading-title.elementor-size-large{font-size:29px}.elementor-widget-heading .elementor-heading-title.elementor-size-xl{font-size:39px}.elementor-widget-heading .elementor-heading-title.elementor-size-xxl{font-size:59px}<\/style><h1 class=\"elementor-heading-title elementor-size-default translation-block\">IZVORSKA JUNIOR<br>M\u00cb E M\u00cb MIRA P\u00cbR T\u00cb VOG\u00cbLT!<\/h1>\t\t<\/div>\n\t\t\t\t<\/div>\n\t\t\t\t<div class=\"elementor-element elementor-element-778196a elementor-widget elementor-widget-image\" data-id=\"778196a\" data-element_type=\"widget\" data-widget_type=\"image.default\">\n\t\t\t\t<div class=\"elementor-widget-container\">\n\t\t\t<style>\/*! elementor - v3.21.0 - 26-05-2024 *\/\n.elementor-widget-image{text-align:center}.elementor-widget-image a{display:inline-block}.elementor-widget-image a img[src$=\".svg\"]{width:48px}.elementor-widget-image img{vertical-align:middle;display:inline-block}<\/style>\t\t\t\t\t\t\t\t\t\t<img fetchpriority=\"high\" decoding=\"async\" width=\"1024\" height=\"592\" src=\"https:\/\/izvorska.mk\/wp-content\/uploads\/2024\/10\/Izvorska-WEB__novosti-09-1024x592.jpg\" class=\"attachment-large size-large wp-image-1542\" alt=\"\" srcset=\"https:\/\/izvorska.mk\/wp-content\/uploads\/2024\/10\/Izvorska-WEB__novosti-09-1024x592.jpg 1024w, https:\/\/izvorska.mk\/wp-content\/uploads\/2024\/10\/Izvorska-WEB__novosti-09-300x173.jpg 300w, https:\/\/izvorska.mk\/wp-content\/uploads\/2024\/10\/Izvorska-WEB__novosti-09-768x444.jpg 768w, https:\/\/izvorska.mk\/wp-content\/uploads\/2024\/10\/Izvorska-WEB__novosti-09-1536x888.jpg 1536w, https:\/\/izvorska.mk\/wp-content\/uploads\/2024\/10\/Izvorska-WEB__novosti-09-2048x1184.jpg 2048w\" sizes=\"(max-width: 1024px) 100vw, 1024px\" \/>\t\t\t\t\t\t\t\t\t\t\t\t\t<\/div>\n\t\t\t\t<\/div>\n\t\t\t\t<div class=\"elementor-element elementor-element-86af963 elementor-widget__width-initial elementor-widget elementor-widget-text-editor\" data-id=\"86af963\" data-element_type=\"widget\" data-widget_type=\"text-editor.default\">\n\t\t\t\t<div class=\"elementor-widget-container\">\n\t\t\t<style>\/*! elementor - v3.21.0 - 26-05-2024 *\/\n.elementor-widget-text-editor.elementor-drop-cap-view-stacked .elementor-drop-cap{background-color:#69727d;color:#fff}.elementor-widget-text-editor.elementor-drop-cap-view-framed .elementor-drop-cap{color:#69727d;border:3px solid;background-color:transparent}.elementor-widget-text-editor:not(.elementor-drop-cap-view-default) .elementor-drop-cap{margin-top:8px}.elementor-widget-text-editor:not(.elementor-drop-cap-view-default) .elementor-drop-cap-letter{width:1em;height:1em}.elementor-widget-text-editor .elementor-drop-cap{float:left;text-align:center;line-height:1;font-size:50px}.elementor-widget-text-editor .elementor-drop-cap-letter{display:inline-block}<\/style>\t\t\t\t<p>Kozhuf\u00e7anka SHPK gjithmon\u00eb ndjek trendet globale, zhvillohet dhe p\u00ebrmir\u00ebsohet n\u00eb aspektin e cil\u00ebsis\u00eb dhe risi. Nj\u00eb shembull \u00ebsht\u00eb ambalazhi eko i ujit natyral Izvorska, tani i disponuesh\u00ebm edhe p\u00ebr m\u00eb t\u00eb vegjlit tan\u00eb!<\/p><p>\u00a0<\/p><p>Izvorska tani mund t\u00eb gjendet n\u00eb shitje edhe n\u00eb nj\u00eb paketim m\u00eb t\u00eb vog\u00ebl prej 330 mL, me nj\u00eb kapak t\u00eb p\u00ebrshtatsh\u00ebm. Uji m\u00eb i preferuar, tani n\u00eb ambalazhin ideal p\u00ebr m\u00eb t\u00eb dashurit tuaj!<\/p>\t\t\t\t\t\t<\/div>\n\t\t\t\t<\/div>\n\t\t\t\t\t<\/div>\n\t\t\t\t<\/div>\n\t\t\t\t<\/div>","protected":false},"excerpt":{"rendered":"<p>\u0418\u0417\u0412\u041e\u0420\u0421\u041a\u0410 \u0408\u0423\u041d\u0418\u041e\u0420\u041d\u0410\u0408\u0414\u041e\u0411\u0420\u041e\u0422\u041e \u0417\u0410 \u041d\u0410\u0408\u041c\u0410\u041b\u0418\u0422\u0415! \u041a\u043e\u0436\u0443\u0432\u0447\u0430\u043d\u043a\u0430 \u0414\u041e\u041e \u0441\u0435\u043a\u043e\u0433\u0430\u0448 \u0433\u0438 \u0441\u043b\u0435\u0434\u0438 \u0441\u0432\u0435\u0442\u0441\u043a\u0438\u0442\u0435 \u0442\u0440\u0435\u043d\u0434\u043e\u0432\u0438, \u0441\u0435 \u043d\u0430\u0434\u0433\u0440\u0430\u0434\u0443\u0432\u0430 \u0438 \u043f\u043e\u0434\u043e\u0431\u0440\u0443\u0432\u0430 \u0432\u043e \u043f\u043e\u0433\u043b\u0435\u0434 \u043d\u0430 \u043a\u0432\u0430\u043b\u0438\u0442\u0435\u0442 \u0438 [&hellip;]<\/p>","protected":false},"author":1,"featured_media":0,"parent":0,"menu_order":0,"comment_status":"closed","ping_status":"closed","template":"","meta":{"site-sidebar-layout":"no-sidebar","site-content-layout":"","ast-site-content-layout":"full-width-container","site-content-style":"default","site-sidebar-style":"default","ast-global-header-display":"","ast-banner-title-visibility":"","ast-main-header-display":"","ast-hfb-above-header-display":"","ast-hfb-below-header-display":"","ast-hfb-mobile-header-display":"","site-post-title":"disabled","ast-breadcrumbs-content":"","ast-featured-img":"disabled","footer-sml-layout":"","theme-transparent-header-meta":"","adv-header-id-meta":"","stick-header-meta":"","header-above-stick-meta":"","header-main-stick-meta":"","header-below-stick-meta":"","astra-migrate-meta-layouts":"default","ast-page-background-enabled":"default","ast-page-background-meta":{"desktop":{"background-color":"var(--ast-global-color-4)","background-image":"","background-repeat":"repeat","background-position":"center center","background-size":"auto","background-attachment":"scroll","background-type":"","background-media":"","overlay-type":"","overlay-color":"","overlay-opacity":"","overlay-gradient":""},"tablet":{"background-color":"","background-image":"","background-repeat":"repeat","background-position":"center center","background-size":"auto","background-attachment":"scroll","background-type":"","background-media":"","overlay-type":"","overlay-color":"","overlay-opacity":"","overlay-gradient":""},"mobile":{"background-color":"","background-image":"","background-repeat":"repeat","background-position":"center center","background-size":"auto","background-attachment":"scroll","background-type":"","background-media":"","overlay-type":"","overlay-color":"","overlay-opacity":"","overlay-gradient":""}},"ast-content-background-meta":{"desktop":{"background-color":"var(--ast-global-color-5)","background-image":"","background-repeat":"repeat","background-position":"center center","background-size":"auto","background-attachment":"scroll","background-type":"","background-media":"","overlay-type":"","overlay-color":"","overlay-opacity":"","overlay-gradient":""},"tablet":{"background-color":"var(--ast-global-color-5)","background-image":"","background-repeat":"repeat","background-position":"center center","background-size":"auto","background-attachment":"scroll","background-type":"","background-media":"","overlay-type":"","overlay-color":"","overlay-opacity":"","overlay-gradient":""},"mobile":{"background-color":"var(--ast-global-color-5)","background-image":"","background-repeat":"repeat","background-position":"center center","background-size":"auto","background-attachment":"scroll","background-type":"","background-media":"","overlay-type":"","overlay-color":"","overlay-opacity":"","overlay-gradient":""}},"footnotes":""},"class_list":["post-1539","page","type-page","status-publish","hentry"],"_links":{"self":[{"href":"https:\/\/izvorska.mk\/sq\/wp-json\/wp\/v2\/pages\/1539","targetHints":{"allow":["GET"]}}],"collection":[{"href":"https:\/\/izvorska.mk\/sq\/wp-json\/wp\/v2\/pages"}],"about":[{"href":"https:\/\/izvorska.mk\/sq\/wp-json\/wp\/v2\/types\/page"}],"author":[{"embeddable":true,"href":"https:\/\/izvorska.mk\/sq\/wp-json\/wp\/v2\/users\/1"}],"replies":[{"embeddable":true,"href":"https:\/\/izvorska.mk\/sq\/wp-json\/wp\/v2\/comments?post=1539"}],"version-history":[{"count":5,"href":"https:\/\/izvorska.mk\/sq\/wp-json\/wp\/v2\/pages\/1539\/revisions"}],"predecessor-version":[{"id":1547,"href":"https:\/\/izvorska.mk\/sq\/wp-json\/wp\/v2\/pages\/1539\/revisions\/1547"}],"wp:attachment":[{"href":"https:\/\/izvorska.mk\/sq\/wp-json\/wp\/v2\/media?parent=1539"}],"curies":[{"name":"wp","href":"https:\/\/api.w.org\/{rel}","templated":true}]}}