{"id":1490,"date":"2024-10-13T23:38:53","date_gmt":"2024-10-13T23:38:53","guid":{"rendered":"https:\/\/izvorska.mk\/?page_id=1490"},"modified":"2024-10-23T21:39:21","modified_gmt":"2024-10-23T21:39:21","slug":"novosti","status":"publish","type":"page","link":"https:\/\/izvorska.mk\/sq\/novosti\/","title":{"rendered":"Lajme"},"content":{"rendered":"<div data-elementor-type=\"wp-page\" data-elementor-id=\"1490\" class=\"elementor elementor-1490\" data-elementor-post-type=\"page\">\n\t\t\t\t<div class=\"elementor-element elementor-element-bae5e95 e-flex e-con-boxed e-con e-parent\" data-id=\"bae5e95\" data-element_type=\"container\" data-settings=\"{&quot;background_background&quot;:&quot;classic&quot;}\">\n\t\t\t\t\t<div class=\"e-con-inner\">\n\t\t\t\t<div class=\"elementor-element elementor-element-8063c44 elementor-widget elementor-widget-heading\" data-id=\"8063c44\" data-element_type=\"widget\" data-widget_type=\"heading.default\">\n\t\t\t\t<div class=\"elementor-widget-container\">\n\t\t\t<style>\/*! elementor - v3.21.0 - 26-05-2024 *\/\n.elementor-heading-title{padding:0;margin:0;line-height:1}.elementor-widget-heading .elementor-heading-title[class*=elementor-size-]>a{color:inherit;font-size:inherit;line-height:inherit}.elementor-widget-heading .elementor-heading-title.elementor-size-small{font-size:15px}.elementor-widget-heading .elementor-heading-title.elementor-size-medium{font-size:19px}.elementor-widget-heading .elementor-heading-title.elementor-size-large{font-size:29px}.elementor-widget-heading .elementor-heading-title.elementor-size-xl{font-size:39px}.elementor-widget-heading .elementor-heading-title.elementor-size-xxl{font-size:59px}<\/style><h1 class=\"elementor-heading-title elementor-size-default\">LAJME<\/h1>\t\t<\/div>\n\t\t\t\t<\/div>\n\t\t<div class=\"elementor-element elementor-element-8426834 elementor-hidden-desktop elementor-hidden-tablet elementor-hidden-mobile e-flex e-con-boxed e-con e-child\" data-id=\"8426834\" data-element_type=\"container\" data-settings=\"{&quot;background_background&quot;:&quot;classic&quot;}\">\n\t\t\t\t\t<div class=\"e-con-inner\">\n\t\t<div class=\"elementor-element elementor-element-b34c774 e-con-full e-flex e-con e-child\" data-id=\"b34c774\" data-element_type=\"container\" data-settings=\"{&quot;background_background&quot;:&quot;classic&quot;}\">\n\t\t\t\t<\/div>\n\t\t<div class=\"elementor-element elementor-element-4aef8cf e-con-full e-flex e-con e-child\" data-id=\"4aef8cf\" data-element_type=\"container\">\n\t\t<div class=\"elementor-element elementor-element-1f05d1c e-flex e-con-boxed e-con e-child\" data-id=\"1f05d1c\" data-element_type=\"container\" data-settings=\"{&quot;background_background&quot;:&quot;classic&quot;}\">\n\t\t\t\t\t<div class=\"e-con-inner\">\n\t\t\t\t<div class=\"elementor-element elementor-element-d2d5890 elementor-widget elementor-widget-heading\" data-id=\"d2d5890\" data-element_type=\"widget\" data-widget_type=\"heading.default\">\n\t\t\t\t<div class=\"elementor-widget-container\">\n\t\t\t<h2 class=\"elementor-heading-title elementor-size-default\">\u041f\u043e\u0442\u0441\u0435\u0442\u043d\u0438\u043a \u0437\u0430<br>\u043f\u0438\u0435\u045a\u0435 \u0432\u043e\u0434\u0430!<\/h2>\t\t<\/div>\n\t\t\t\t<\/div>\n\t\t\t\t<div class=\"elementor-element elementor-element-9b26a0a elementor-widget elementor-widget-text-editor\" data-id=\"9b26a0a\" data-element_type=\"widget\" data-widget_type=\"text-editor.default\">\n\t\t\t\t<div class=\"elementor-widget-container\">\n\t\t\t<style>\/*! elementor - v3.21.0 - 26-05-2024 *\/\n.elementor-widget-text-editor.elementor-drop-cap-view-stacked .elementor-drop-cap{background-color:#69727d;color:#fff}.elementor-widget-text-editor.elementor-drop-cap-view-framed .elementor-drop-cap{color:#69727d;border:3px solid;background-color:transparent}.elementor-widget-text-editor:not(.elementor-drop-cap-view-default) .elementor-drop-cap{margin-top:8px}.elementor-widget-text-editor:not(.elementor-drop-cap-view-default) .elementor-drop-cap-letter{width:1em;height:1em}.elementor-widget-text-editor .elementor-drop-cap{float:left;text-align:center;line-height:1;font-size:50px}.elementor-widget-text-editor .elementor-drop-cap-letter{display:inline-block}<\/style>\t\t\t\t<p>\u041f\u0440\u0432\u0438\u043e\u0442 \u041f\u043e\u0442\u0441\u0435\u0442\u043d\u0438\u043a \u0437\u0430 \u043f\u0438\u0435\u045a\u0435 \u0432\u043e\u0434\u0430 \u0432\u043e \u041c\u0430\u043a\u0435\u0434\u043e\u043d\u0438\u0458\u0430 \u0435 \u0441\u0435\u0433\u0430 \u0434\u043e\u0441\u0442\u0430\u043f\u0435\u043d!<\/p><p>\u0411\u0435\u0441\u043f\u043b\u0430\u0442\u043d\u0430 \u043c\u043e\u0431\u0438\u043b\u043d\u0430 \u0430\u043f\u043b\u0438\u043a\u0430\u0446\u0438\u0458\u0430 \u043d\u0430 \u0418\u0417\u0412\u041e\u0420\u0421\u041a\u0410, \u043a\u043e\u0458\u0430 \u0432\u0435 \u043f\u043e\u0442\u0441\u0435\u0442\u0443\u0432\u0430 \u0434\u0435\u043a\u0430<\/p><p>\u0421\u0415\u041a\u041e\u0408\u0410 \u0413\u041e\u041b\u0422\u041a\u0410 \u0415 \u0412\u0410\u0416\u041d\u0410!<\/p>\t\t\t\t\t\t<\/div>\n\t\t\t\t<\/div>\n\t\t\t\t<div class=\"elementor-element elementor-element-5aa2662 elementor-widget__width-inherit elementor-widget elementor-widget-button\" data-id=\"5aa2662\" data-element_type=\"widget\" data-widget_type=\"button.default\">\n\t\t\t\t<div class=\"elementor-widget-container\">\n\t\t\t\t\t<div class=\"elementor-button-wrapper\">\n\t\t\t<a class=\"elementor-button elementor-button-link elementor-size-sm\" href=\"https:\/\/izvorska.mk\/sq\/aplikacija-potsetnik\/\">\n\t\t\t\t\t\t<span class=\"elementor-button-content-wrapper\">\n\t\t\t\t\t\t\t\t\t<span class=\"elementor-button-text\">LEXO M\u00cb SHUM\u00cb<\/span>\n\t\t\t\t\t<\/span>\n\t\t\t\t\t<\/a>\n\t\t<\/div>\n\t\t\t\t<\/div>\n\t\t\t\t<\/div>\n\t\t\t\t\t<\/div>\n\t\t\t\t<\/div>\n\t\t\t\t<\/div>\n\t\t\t\t\t<\/div>\n\t\t\t\t<\/div>\n\t\t<div class=\"elementor-element elementor-element-5395706 e-flex e-con-boxed e-con e-child\" data-id=\"5395706\" data-element_type=\"container\" data-settings=\"{&quot;background_background&quot;:&quot;classic&quot;,&quot;motion_fx_motion_fx_scrolling&quot;:&quot;yes&quot;,&quot;motion_fx_translateY_effect&quot;:&quot;yes&quot;,&quot;motion_fx_translateY_speed&quot;:{&quot;unit&quot;:&quot;px&quot;,&quot;size&quot;:4,&quot;sizes&quot;:[]},&quot;motion_fx_translateY_affectedRange&quot;:{&quot;unit&quot;:&quot;%&quot;,&quot;size&quot;:&quot;&quot;,&quot;sizes&quot;:{&quot;start&quot;:0,&quot;end&quot;:100}},&quot;motion_fx_devices&quot;:[&quot;desktop&quot;,&quot;tablet&quot;,&quot;mobile&quot;]}\">\n\t\t\t\t\t<div class=\"e-con-inner\">\n\t\t<div class=\"elementor-element elementor-element-3a154de e-con-full e-flex e-con e-child\" data-id=\"3a154de\" data-element_type=\"container\">\n\t\t\t\t<div class=\"elementor-element elementor-element-45ee4e5 elementor-widget elementor-widget-image\" data-id=\"45ee4e5\" data-element_type=\"widget\" data-widget_type=\"image.default\">\n\t\t\t\t<div class=\"elementor-widget-container\">\n\t\t\t<style>\/*! elementor - v3.21.0 - 26-05-2024 *\/\n.elementor-widget-image{text-align:center}.elementor-widget-image a{display:inline-block}.elementor-widget-image a img[src$=\".svg\"]{width:48px}.elementor-widget-image img{vertical-align:middle;display:inline-block}<\/style>\t\t\t\t\t\t\t\t\t\t<img fetchpriority=\"high\" decoding=\"async\" width=\"1024\" height=\"716\" src=\"https:\/\/izvorska.mk\/wp-content\/uploads\/2024\/10\/Izvorska-WEB__novosti-04-1024x716.jpg\" class=\"attachment-large size-large wp-image-955\" alt=\"\" srcset=\"https:\/\/izvorska.mk\/wp-content\/uploads\/2024\/10\/Izvorska-WEB__novosti-04-1024x716.jpg 1024w, https:\/\/izvorska.mk\/wp-content\/uploads\/2024\/10\/Izvorska-WEB__novosti-04-300x210.jpg 300w, https:\/\/izvorska.mk\/wp-content\/uploads\/2024\/10\/Izvorska-WEB__novosti-04-768x537.jpg 768w, https:\/\/izvorska.mk\/wp-content\/uploads\/2024\/10\/Izvorska-WEB__novosti-04-1536x1074.jpg 1536w, https:\/\/izvorska.mk\/wp-content\/uploads\/2024\/10\/Izvorska-WEB__novosti-04.jpg 1651w\" sizes=\"(max-width: 1024px) 100vw, 1024px\" \/>\t\t\t\t\t\t\t\t\t\t\t\t\t<\/div>\n\t\t\t\t<\/div>\n\t\t<div class=\"elementor-element elementor-element-2d8d0ea e-flex e-con-boxed e-con e-child\" data-id=\"2d8d0ea\" data-element_type=\"container\" data-settings=\"{&quot;background_background&quot;:&quot;classic&quot;}\">\n\t\t\t\t\t<div class=\"e-con-inner\">\n\t\t\t\t<div class=\"elementor-element elementor-element-c9b1114 elementor-widget elementor-widget-heading\" data-id=\"c9b1114\" data-element_type=\"widget\" data-widget_type=\"heading.default\">\n\t\t\t\t<div class=\"elementor-widget-container\">\n\t\t\t<h2 class=\"elementor-heading-title elementor-size-default translation-block\">Ne jemi\n<span style=\"color:#008f3e\"> EKO<\/span><\/h2>\t\t<\/div>\n\t\t\t\t<\/div>\n\t\t\t\t<div class=\"elementor-element elementor-element-cc2dea5 elementor-widget elementor-widget-text-editor\" data-id=\"cc2dea5\" data-element_type=\"widget\" data-widget_type=\"text-editor.default\">\n\t\t\t\t<div class=\"elementor-widget-container\">\n\t\t\t\t\t\t\t<p>Izvorska prodhohet n\u00eb ambalazh eko q\u00eb p\u00ebrdor -30% plastik\u00eb.<\/p><p>Freskia ruhet m\u00eb mir\u00eb fal\u00eb goj\u00ebs s\u00eb gjer\u00eb p\u00ebr hapje\/mbyllje t\u00eb leht\u00eb, q\u00eb ofron mbrojtje t\u00eb ve\u00e7ant\u00eb gjat\u00eb mbushjes s\u00eb ujit, dhe k\u00ebshtu tapa \u00ebsht\u00eb -50% m\u00eb e vog\u00ebl, duke reduktuar ndjesh\u00ebm mbetjet plastike.<\/p>\t\t\t\t\t\t<\/div>\n\t\t\t\t<\/div>\n\t\t\t\t<div class=\"elementor-element elementor-element-86d1dd0 elementor-widget__width-inherit elementor-widget elementor-widget-button\" data-id=\"86d1dd0\" data-element_type=\"widget\" data-settings=\"{&quot;_animation&quot;:&quot;none&quot;}\" data-widget_type=\"button.default\">\n\t\t\t\t<div class=\"elementor-widget-container\">\n\t\t\t\t\t<div class=\"elementor-button-wrapper\">\n\t\t\t<a class=\"elementor-button elementor-button-link elementor-size-sm\" href=\"https:\/\/izvorska.mk\/sq\/ne-jemi-eko\/\">\n\t\t\t\t\t\t<span class=\"elementor-button-content-wrapper\">\n\t\t\t\t\t\t\t\t\t<span class=\"elementor-button-text\">LEXO M\u00cb SHUM\u00cb<\/span>\n\t\t\t\t\t<\/span>\n\t\t\t\t\t<\/a>\n\t\t<\/div>\n\t\t\t\t<\/div>\n\t\t\t\t<\/div>\n\t\t\t\t\t<\/div>\n\t\t\t\t<\/div>\n\t\t\t\t<\/div>\n\t\t<div class=\"elementor-element elementor-element-073c889 e-con-full e-flex e-con e-child\" data-id=\"073c889\" data-element_type=\"container\">\n\t\t\t\t<div class=\"elementor-element elementor-element-cbd0a09 elementor-widget elementor-widget-image\" data-id=\"cbd0a09\" data-element_type=\"widget\" data-widget_type=\"image.default\">\n\t\t\t\t<div class=\"elementor-widget-container\">\n\t\t\t\t\t\t\t\t\t\t\t\t\t<img decoding=\"async\" width=\"1024\" height=\"716\" src=\"https:\/\/izvorska.mk\/wp-content\/uploads\/2024\/10\/Izvorska-WEB__novosti-05-1024x716.jpg\" class=\"attachment-large size-large wp-image-956\" alt=\"\" srcset=\"https:\/\/izvorska.mk\/wp-content\/uploads\/2024\/10\/Izvorska-WEB__novosti-05-1024x716.jpg 1024w, https:\/\/izvorska.mk\/wp-content\/uploads\/2024\/10\/Izvorska-WEB__novosti-05-300x210.jpg 300w, https:\/\/izvorska.mk\/wp-content\/uploads\/2024\/10\/Izvorska-WEB__novosti-05-768x537.jpg 768w, https:\/\/izvorska.mk\/wp-content\/uploads\/2024\/10\/Izvorska-WEB__novosti-05-1536x1074.jpg 1536w, https:\/\/izvorska.mk\/wp-content\/uploads\/2024\/10\/Izvorska-WEB__novosti-05.jpg 1651w\" sizes=\"(max-width: 1024px) 100vw, 1024px\" \/>\t\t\t\t\t\t\t\t\t\t\t\t\t<\/div>\n\t\t\t\t<\/div>\n\t\t<div class=\"elementor-element elementor-element-334567f e-flex e-con-boxed e-con e-child\" data-id=\"334567f\" data-element_type=\"container\" data-settings=\"{&quot;background_background&quot;:&quot;classic&quot;}\">\n\t\t\t\t\t<div class=\"e-con-inner\">\n\t\t\t\t<div class=\"elementor-element elementor-element-9063c0d elementor-widget elementor-widget-heading\" data-id=\"9063c0d\" data-element_type=\"widget\" data-widget_type=\"heading.default\">\n\t\t\t\t<div class=\"elementor-widget-container\">\n\t\t\t<h2 class=\"elementor-heading-title elementor-size-default\">Izvorska Junior<\/h2>\t\t<\/div>\n\t\t\t\t<\/div>\n\t\t\t\t<div class=\"elementor-element elementor-element-fd2cbab elementor-widget elementor-widget-text-editor\" data-id=\"fd2cbab\" data-element_type=\"widget\" data-widget_type=\"text-editor.default\">\n\t\t\t\t<div class=\"elementor-widget-container\">\n\t\t\t\t\t\t\t<p>Kozhuf\u00e7anka SHPK gjithmon\u00eb ndjek trendet globale, zhvillohet dhe p\u00ebrmir\u00ebsohet n\u00eb aspektin e cil\u00ebsis\u00eb dhe risi. Nj\u00eb shembull \u00ebsht\u00eb ambalazhi eko i ujit natyral Izvorska, tani i disponuesh\u00ebm edhe p\u00ebr m\u00eb t\u00eb vegjlit tan\u00eb!<\/p>\t\t\t\t\t\t<\/div>\n\t\t\t\t<\/div>\n\t\t\t\t<div class=\"elementor-element elementor-element-f223913 elementor-widget__width-inherit elementor-widget elementor-widget-button\" data-id=\"f223913\" data-element_type=\"widget\" data-settings=\"{&quot;_animation&quot;:&quot;none&quot;}\" data-widget_type=\"button.default\">\n\t\t\t\t<div class=\"elementor-widget-container\">\n\t\t\t\t\t<div class=\"elementor-button-wrapper\">\n\t\t\t<a class=\"elementor-button elementor-button-link elementor-size-sm\" href=\"https:\/\/izvorska.mk\/sq\/izvorska-junior-najdobroto-za-najmladite\/\">\n\t\t\t\t\t\t<span class=\"elementor-button-content-wrapper\">\n\t\t\t\t\t\t\t\t\t<span class=\"elementor-button-text\">LEXO M\u00cb SHUM\u00cb<\/span>\n\t\t\t\t\t<\/span>\n\t\t\t\t\t<\/a>\n\t\t<\/div>\n\t\t\t\t<\/div>\n\t\t\t\t<\/div>\n\t\t\t\t\t<\/div>\n\t\t\t\t<\/div>\n\t\t\t\t<\/div>\n\t\t\t\t\t<\/div>\n\t\t\t\t<\/div>\n\t\t\t\t\t<\/div>\n\t\t\t\t<\/div>\n\t\t\t\t<\/div>","protected":false},"excerpt":{"rendered":"<p>\u041d\u041e\u0412\u041e\u0421\u0422\u0418 \u041f\u043e\u0442\u0441\u0435\u0442\u043d\u0438\u043a \u0437\u0430\u043f\u0438\u0435\u045a\u0435 \u0432\u043e\u0434\u0430! \u041f\u0440\u0432\u0438\u043e\u0442 \u041f\u043e\u0442\u0441\u0435\u0442\u043d\u0438\u043a \u0437\u0430 \u043f\u0438\u0435\u045a\u0435 \u0432\u043e\u0434\u0430 \u0432\u043e \u041c\u0430\u043a\u0435\u0434\u043e\u043d\u0438\u0458\u0430 \u0435 \u0441\u0435\u0433\u0430 \u0434\u043e\u0441\u0442\u0430\u043f\u0435\u043d! \u0411\u0435\u0441\u043f\u043b\u0430\u0442\u043d\u0430 \u043c\u043e\u0431\u0438\u043b\u043d\u0430 \u0430\u043f\u043b\u0438\u043a\u0430\u0446\u0438\u0458\u0430 \u043d\u0430 \u0418\u0417\u0412\u041e\u0420\u0421\u041a\u0410, \u043a\u043e\u0458\u0430 [&hellip;]<\/p>","protected":false},"author":1,"featured_media":93,"parent":0,"menu_order":0,"comment_status":"closed","ping_status":"closed","template":"elementor_header_footer","meta":{"site-sidebar-layout":"default","site-content-layout":"","ast-site-content-layout":"","site-content-style":"default","site-sidebar-style":"default","ast-global-header-display":"","ast-banner-title-visibility":"","ast-main-header-display":"","ast-hfb-above-header-display":"","ast-hfb-below-header-display":"","ast-hfb-mobile-header-display":"","site-post-title":"","ast-breadcrumbs-content":"","ast-featured-img":"","footer-sml-layout":"","theme-transparent-header-meta":"","adv-header-id-meta":"","stick-header-meta":"","header-above-stick-meta":"","header-main-stick-meta":"","header-below-stick-meta":"","astra-migrate-meta-layouts":"default","ast-page-background-enabled":"default","ast-page-background-meta":{"desktop":{"background-color":"var(--ast-global-color-4)","background-image":"","background-repeat":"repeat","background-position":"center center","background-size":"auto","background-attachment":"scroll","background-type":"","background-media":"","overlay-type":"","overlay-color":"","overlay-opacity":"","overlay-gradient":""},"tablet":{"background-color":"","background-image":"","background-repeat":"repeat","background-position":"center center","background-size":"auto","background-attachment":"scroll","background-type":"","background-media":"","overlay-type":"","overlay-color":"","overlay-opacity":"","overlay-gradient":""},"mobile":{"background-color":"","background-image":"","background-repeat":"repeat","background-position":"center center","background-size":"auto","background-attachment":"scroll","background-type":"","background-media":"","overlay-type":"","overlay-color":"","overlay-opacity":"","overlay-gradient":""}},"ast-content-background-meta":{"desktop":{"background-color":"var(--ast-global-color-5)","background-image":"","background-repeat":"repeat","background-position":"center center","background-size":"auto","background-attachment":"scroll","background-type":"","background-media":"","overlay-type":"","overlay-color":"","overlay-opacity":"","overlay-gradient":""},"tablet":{"background-color":"var(--ast-global-color-5)","background-image":"","background-repeat":"repeat","background-position":"center center","background-size":"auto","background-attachment":"scroll","background-type":"","background-media":"","overlay-type":"","overlay-color":"","overlay-opacity":"","overlay-gradient":""},"mobile":{"background-color":"var(--ast-global-color-5)","background-image":"","background-repeat":"repeat","background-position":"center center","background-size":"auto","background-attachment":"scroll","background-type":"","background-media":"","overlay-type":"","overlay-color":"","overlay-opacity":"","overlay-gradient":""}},"footnotes":""},"class_list":["post-1490","page","type-page","status-publish","has-post-thumbnail","hentry"],"_links":{"self":[{"href":"https:\/\/izvorska.mk\/sq\/wp-json\/wp\/v2\/pages\/1490","targetHints":{"allow":["GET"]}}],"collection":[{"href":"https:\/\/izvorska.mk\/sq\/wp-json\/wp\/v2\/pages"}],"about":[{"href":"https:\/\/izvorska.mk\/sq\/wp-json\/wp\/v2\/types\/page"}],"author":[{"embeddable":true,"href":"https:\/\/izvorska.mk\/sq\/wp-json\/wp\/v2\/users\/1"}],"replies":[{"embeddable":true,"href":"https:\/\/izvorska.mk\/sq\/wp-json\/wp\/v2\/comments?post=1490"}],"version-history":[{"count":46,"href":"https:\/\/izvorska.mk\/sq\/wp-json\/wp\/v2\/pages\/1490\/revisions"}],"predecessor-version":[{"id":1775,"href":"https:\/\/izvorska.mk\/sq\/wp-json\/wp\/v2\/pages\/1490\/revisions\/1775"}],"wp:featuredmedia":[{"embeddable":true,"href":"https:\/\/izvorska.mk\/sq\/wp-json\/wp\/v2\/media\/93"}],"wp:attachment":[{"href":"https:\/\/izvorska.mk\/sq\/wp-json\/wp\/v2\/media?parent=1490"}],"curies":[{"name":"wp","href":"https:\/\/api.w.org\/{rel}","templated":true}]}}